{"id":14,"date":"2025-09-04T14:55:28","date_gmt":"2025-09-04T14:55:28","guid":{"rendered":"https:\/\/comunicabc.com.br\/lacava\/?page_id=14"},"modified":"2025-12-20T13:10:22","modified_gmt":"2025-12-20T13:10:22","slug":"contato","status":"publish","type":"page","link":"https:\/\/comunicabc.com.br\/lacava\/contato\/","title":{"rendered":"Contato"},"content":{"rendered":"\t\t<div data-elementor-type=\"wp-page\" data-elementor-id=\"14\" class=\"elementor elementor-14\" data-elementor-post-type=\"page\">\n\t\t\t\t<div class=\"elementor-element elementor-element-bfeb1a8 e-flex e-con-boxed e-con e-parent\" data-id=\"bfeb1a8\" data-element_type=\"container\" data-e-type=\"container\" data-settings=\"{&quot;background_background&quot;:&quot;classic&quot;}\">\n\t\t\t\t\t<div class=\"e-con-inner\">\n\t\t<div class=\"elementor-element elementor-element-26adc40 e-con-full e-flex e-con e-child\" data-id=\"26adc40\" data-element_type=\"container\" data-e-type=\"container\">\n\t\t\t\t<div class=\"elementor-element elementor-element-7e8905c elementor-widget__width-initial elementor-widget-mobile__width-inherit elementor-widget elementor-widget-heading\" data-id=\"7e8905c\" data-element_type=\"widget\" data-e-type=\"widget\" data-widget_type=\"heading.default\">\n\t\t\t\t\t<h2 class=\"elementor-heading-title elementor-size-default\">Contato<\/h2>\t\t\t\t<\/div>\n\t\t\t\t<\/div>\n\t\t\t\t\t<\/div>\n\t\t\t\t<\/div>\n\t\t<div class=\"elementor-element elementor-element-fa80aaf e-flex e-con-boxed e-con e-parent\" data-id=\"fa80aaf\" data-element_type=\"container\" data-e-type=\"container\">\n\t\t\t\t\t<div class=\"e-con-inner\">\n\t\t<div class=\"elementor-element elementor-element-d1457f4 e-con-full e-flex e-con e-child\" data-id=\"d1457f4\" data-element_type=\"container\" data-e-type=\"container\" data-settings=\"{&quot;background_background&quot;:&quot;classic&quot;}\">\n\t\t\t\t<div class=\"elementor-element elementor-element-3eba5b9 elementor-widget elementor-widget-heading\" data-id=\"3eba5b9\" data-element_type=\"widget\" data-e-type=\"widget\" data-widget_type=\"heading.default\">\n\t\t\t\t\t<h2 class=\"elementor-heading-title elementor-size-default\">Informa\u00e7\u00f5es de contato<\/h2>\t\t\t\t<\/div>\n\t\t\t\t<div class=\"elementor-element elementor-element-6faeedf elementor-view-default elementor-position-block-start elementor-mobile-position-block-start elementor-widget elementor-widget-icon-box\" data-id=\"6faeedf\" data-element_type=\"widget\" data-e-type=\"widget\" data-widget_type=\"icon-box.default\">\n\t\t\t\t\t\t\t<div class=\"elementor-icon-box-wrapper\">\n\n\t\t\t\t\t\t<div class=\"elementor-icon-box-icon\">\n\t\t\t\t<span  class=\"elementor-icon\">\n\t\t\t\t<svg xmlns=\"http:\/\/www.w3.org\/2000\/svg\" width=\"56\" height=\"56\" viewBox=\"0 0 56 56\" fill=\"none\"><circle cx=\"28\" cy=\"28\" r=\"28\" fill=\"#54568C\" fill-opacity=\"0.1\"><\/circle><path d=\"M36.6621 38.85H30.7115C31.7111 37.9574 32.6538 37.0031 33.534 35.9926C36.8366 32.1943 38.5871 28.1903 38.5871 24.4125C38.5871 21.6045 37.4716 18.9116 35.4861 16.926C33.5006 14.9405 30.8076 13.825 27.9996 13.825C25.1916 13.825 22.4987 14.9405 20.5131 16.926C18.5276 18.9116 17.4121 21.6045 17.4121 24.4125C17.4121 28.1903 19.1578 32.1943 22.4652 35.9926C23.3455 37.0031 24.2881 37.9574 25.2878 38.85H19.3371C19.0818 38.85 18.837 38.9514 18.6565 39.1319C18.476 39.3124 18.3746 39.5572 18.3746 39.8125C18.3746 40.0678 18.476 40.3126 18.6565 40.4931C18.837 40.6736 19.0818 40.775 19.3371 40.775H36.6621C36.9174 40.775 37.1622 40.6736 37.3427 40.4931C37.5232 40.3126 37.6246 40.0678 37.6246 39.8125C37.6246 39.5572 37.5232 39.3124 37.3427 39.1319C37.1622 38.9514 36.9174 38.85 36.6621 38.85ZM19.3371 24.4125C19.3371 22.1151 20.2498 19.9117 21.8743 18.2872C23.4988 16.6627 25.7022 15.75 27.9996 15.75C30.297 15.75 32.5004 16.6627 34.1249 18.2872C35.7495 19.9117 36.6621 22.1151 36.6621 24.4125C36.6621 31.298 29.9884 37.0453 27.9996 38.6094C26.0108 37.0453 19.3371 31.298 19.3371 24.4125ZM32.8121 24.4125C32.8121 23.4607 32.5299 22.5302 32.0011 21.7388C31.4723 20.9474 30.7206 20.3306 29.8413 19.9663C28.9619 19.6021 27.9943 19.5068 27.0607 19.6925C26.1272 19.8782 25.2697 20.3365 24.5967 21.0096C23.9236 21.6826 23.4653 22.5401 23.2796 23.4736C23.0939 24.4072 23.1892 25.3748 23.5534 26.2542C23.9177 27.1335 24.5345 27.8852 25.3259 28.414C26.1173 28.9428 27.0478 29.225 27.9996 29.225C29.276 29.225 30.5 28.718 31.4026 27.8155C32.3051 26.9129 32.8121 25.6889 32.8121 24.4125ZM25.1121 24.4125C25.1121 23.8414 25.2815 23.2831 25.5987 22.8083C25.916 22.3335 26.367 21.9634 26.8946 21.7448C27.4222 21.5263 28.0028 21.4691 28.5629 21.5805C29.1231 21.6919 29.6376 21.9669 30.0414 22.3707C30.4452 22.7746 30.7202 23.2891 30.8316 23.8492C30.943 24.4093 30.8859 24.9899 30.6673 25.5175C30.4488 26.0451 30.0787 26.4961 29.6038 26.8134C29.129 27.1307 28.5707 27.3 27.9996 27.3C27.2338 27.3 26.4993 26.9958 25.9578 26.4543C25.4163 25.9128 25.1121 25.1783 25.1121 24.4125Z\" fill=\"#54568C\"><\/path><\/svg>\t\t\t\t<\/span>\n\t\t\t<\/div>\n\t\t\t\n\t\t\t\t\t\t<div class=\"elementor-icon-box-content\">\n\n\t\t\t\t\t\t\t\t\t<h3 class=\"elementor-icon-box-title\">\n\t\t\t\t\t\t<span  >\n\t\t\t\t\t\t\tCond. Aqu\u00e1rius III - R. Eng. Alexandre C\u00f3ppio Ramos, 105 - Jardim Aquarius, S\u00e3o Jos\u00e9 dos Campos - SP, 12246-091\t\t\t\t\t\t<\/span>\n\t\t\t\t\t<\/h3>\n\t\t\t\t\n\t\t\t\t\n\t\t\t<\/div>\n\t\t\t\n\t\t<\/div>\n\t\t\t\t\t\t<\/div>\n\t\t\t\t<div class=\"elementor-element elementor-element-1119ce8 elementor-widget-tablet__width-initial elementor-widget-mobile__width-inherit elementor-widget__width-initial elementor-view-default elementor-position-block-start elementor-mobile-position-block-start elementor-widget elementor-widget-icon-box\" data-id=\"1119ce8\" data-element_type=\"widget\" data-e-type=\"widget\" data-widget_type=\"icon-box.default\">\n\t\t\t\t\t\t\t<div class=\"elementor-icon-box-wrapper\">\n\n\t\t\t\t\t\t<div class=\"elementor-icon-box-icon\">\n\t\t\t\t<a href=\"https:\/\/linktr.ee\/lacavaeventos?fbclid=PAZnRzaAMyMaxleHRuA2FlbQIxMQABpyawsHYyX3mHHEyPr1fZDWTl4JbVM_k3f5p3U5iA5stooXQ1RnMDOTOKy6qy_aem_YcL_LsFmnxDD1uXNpD9ynQ\" class=\"elementor-icon\" tabindex=\"-1\" aria-label=\"12 99133-5694\">\n\t\t\t\t<svg xmlns=\"http:\/\/www.w3.org\/2000\/svg\" width=\"56\" height=\"56\" viewBox=\"0 0 56 56\" fill=\"none\"><circle cx=\"28\" cy=\"28\" r=\"28\" fill=\"#54568C\" fill-opacity=\"0.1\"><\/circle><path d=\"M37.0471 18.2009C35.8706 17.0124 34.4692 16.0701 32.9246 15.429C31.3801 14.7878 29.7233 14.4606 28.051 14.4664C21.044 14.4664 15.3331 20.1772 15.3331 27.1842C15.3331 29.4301 15.9235 31.6117 17.0271 33.5367L15.2305 40.1331L21.968 38.3621C23.8288 39.3759 25.9206 39.9149 28.051 39.9149C35.058 39.9149 40.7688 34.2041 40.7688 27.1971C40.7688 23.7962 39.447 20.6007 37.0471 18.2009ZM28.051 37.7589C26.1516 37.7589 24.2908 37.2456 22.661 36.2831L22.276 36.052L18.272 37.1044L19.3371 33.2031L19.0805 32.8052C18.0252 31.1202 17.4649 29.1724 17.4635 27.1842C17.4635 21.3579 22.2118 16.6096 28.0381 16.6096C30.8615 16.6096 33.518 17.7132 35.5071 19.7152C36.4921 20.6956 37.2726 21.8618 37.8035 23.1461C38.3344 24.4304 38.6051 25.8073 38.6 27.1971C38.6256 33.0234 33.8773 37.7589 28.051 37.7589ZM33.8516 29.8536C33.5308 29.6996 31.9651 28.9296 31.6828 28.8141C31.3876 28.7114 31.1823 28.6601 30.9641 28.9681C30.746 29.2889 30.1428 30.0076 29.9631 30.2129C29.7835 30.4311 29.591 30.4567 29.2701 30.2899C28.9493 30.1359 27.9226 29.7894 26.7163 28.7114C25.7666 27.8644 25.1378 26.8249 24.9453 26.5041C24.7656 26.1832 24.9196 26.0164 25.0865 25.8496C25.2276 25.7084 25.4073 25.4774 25.5613 25.2977C25.7153 25.1181 25.7795 24.9769 25.8821 24.7716C25.9848 24.5534 25.9335 24.3737 25.8565 24.2197C25.7795 24.0657 25.1378 22.5001 24.8811 21.8584C24.6245 21.2424 24.355 21.3194 24.1625 21.3066H23.5465C23.3283 21.3066 22.9946 21.3836 22.6995 21.7044C22.4171 22.0252 21.5958 22.7952 21.5958 24.3609C21.5958 25.9266 22.738 27.4409 22.892 27.6462C23.046 27.8644 25.1378 31.0727 28.3205 32.4459C29.0776 32.7796 29.668 32.9721 30.13 33.1132C30.8871 33.3571 31.5801 33.3186 32.132 33.2416C32.748 33.1517 34.0185 32.4715 34.2751 31.7272C34.5446 30.9829 34.5446 30.3541 34.4548 30.2129C34.365 30.0717 34.1725 30.0076 33.8516 29.8536Z\" fill=\"#2C2E52\"><\/path><\/svg>\t\t\t\t<\/a>\n\t\t\t<\/div>\n\t\t\t\n\t\t\t\t\t\t<div class=\"elementor-icon-box-content\">\n\n\t\t\t\t\t\t\t\t\t<h3 class=\"elementor-icon-box-title\">\n\t\t\t\t\t\t<a href=\"https:\/\/linktr.ee\/lacavaeventos?fbclid=PAZnRzaAMyMaxleHRuA2FlbQIxMQABpyawsHYyX3mHHEyPr1fZDWTl4JbVM_k3f5p3U5iA5stooXQ1RnMDOTOKy6qy_aem_YcL_LsFmnxDD1uXNpD9ynQ\" >\n\t\t\t\t\t\t\t12 99133-5694\t\t\t\t\t\t<\/a>\n\t\t\t\t\t<\/h3>\n\t\t\t\t\n\t\t\t\t\n\t\t\t<\/div>\n\t\t\t\n\t\t<\/div>\n\t\t\t\t\t\t<\/div>\n\t\t\t\t<div class=\"elementor-element elementor-element-bb570cb elementor-widget-tablet__width-initial elementor-widget-mobile__width-inherit elementor-widget__width-initial elementor-view-default elementor-position-block-start elementor-mobile-position-block-start elementor-widget elementor-widget-icon-box\" data-id=\"bb570cb\" data-element_type=\"widget\" data-e-type=\"widget\" data-widget_type=\"icon-box.default\">\n\t\t\t\t\t\t\t<div class=\"elementor-icon-box-wrapper\">\n\n\t\t\t\t\t\t<div class=\"elementor-icon-box-icon\">\n\t\t\t\t<a href=\"https:\/\/linktr.ee\/lacavaeventos?fbclid=PAZnRzaAMyMaxleHRuA2FlbQIxMQABpyawsHYyX3mHHEyPr1fZDWTl4JbVM_k3f5p3U5iA5stooXQ1RnMDOTOKy6qy_aem_YcL_LsFmnxDD1uXNpD9ynQ\" class=\"elementor-icon\" tabindex=\"-1\" aria-label=\"12 99133-1430\">\n\t\t\t\t<svg xmlns=\"http:\/\/www.w3.org\/2000\/svg\" width=\"56\" height=\"56\" viewBox=\"0 0 56 56\" fill=\"none\"><circle cx=\"28\" cy=\"28\" r=\"28\" fill=\"#54568C\" fill-opacity=\"0.1\"><\/circle><path d=\"M37.0471 18.2009C35.8706 17.0124 34.4692 16.0701 32.9246 15.429C31.3801 14.7878 29.7233 14.4606 28.051 14.4664C21.044 14.4664 15.3331 20.1772 15.3331 27.1842C15.3331 29.4301 15.9235 31.6117 17.0271 33.5367L15.2305 40.1331L21.968 38.3621C23.8288 39.3759 25.9206 39.9149 28.051 39.9149C35.058 39.9149 40.7688 34.2041 40.7688 27.1971C40.7688 23.7962 39.447 20.6007 37.0471 18.2009ZM28.051 37.7589C26.1516 37.7589 24.2908 37.2456 22.661 36.2831L22.276 36.052L18.272 37.1044L19.3371 33.2031L19.0805 32.8052C18.0252 31.1202 17.4649 29.1724 17.4635 27.1842C17.4635 21.3579 22.2118 16.6096 28.0381 16.6096C30.8615 16.6096 33.518 17.7132 35.5071 19.7152C36.4921 20.6956 37.2726 21.8618 37.8035 23.1461C38.3344 24.4304 38.6051 25.8073 38.6 27.1971C38.6256 33.0234 33.8773 37.7589 28.051 37.7589ZM33.8516 29.8536C33.5308 29.6996 31.9651 28.9296 31.6828 28.8141C31.3876 28.7114 31.1823 28.6601 30.9641 28.9681C30.746 29.2889 30.1428 30.0076 29.9631 30.2129C29.7835 30.4311 29.591 30.4567 29.2701 30.2899C28.9493 30.1359 27.9226 29.7894 26.7163 28.7114C25.7666 27.8644 25.1378 26.8249 24.9453 26.5041C24.7656 26.1832 24.9196 26.0164 25.0865 25.8496C25.2276 25.7084 25.4073 25.4774 25.5613 25.2977C25.7153 25.1181 25.7795 24.9769 25.8821 24.7716C25.9848 24.5534 25.9335 24.3737 25.8565 24.2197C25.7795 24.0657 25.1378 22.5001 24.8811 21.8584C24.6245 21.2424 24.355 21.3194 24.1625 21.3066H23.5465C23.3283 21.3066 22.9946 21.3836 22.6995 21.7044C22.4171 22.0252 21.5958 22.7952 21.5958 24.3609C21.5958 25.9266 22.738 27.4409 22.892 27.6462C23.046 27.8644 25.1378 31.0727 28.3205 32.4459C29.0776 32.7796 29.668 32.9721 30.13 33.1132C30.8871 33.3571 31.5801 33.3186 32.132 33.2416C32.748 33.1517 34.0185 32.4715 34.2751 31.7272C34.5446 30.9829 34.5446 30.3541 34.4548 30.2129C34.365 30.0717 34.1725 30.0076 33.8516 29.8536Z\" fill=\"#2C2E52\"><\/path><\/svg>\t\t\t\t<\/a>\n\t\t\t<\/div>\n\t\t\t\n\t\t\t\t\t\t<div class=\"elementor-icon-box-content\">\n\n\t\t\t\t\t\t\t\t\t<h3 class=\"elementor-icon-box-title\">\n\t\t\t\t\t\t<a href=\"https:\/\/linktr.ee\/lacavaeventos?fbclid=PAZnRzaAMyMaxleHRuA2FlbQIxMQABpyawsHYyX3mHHEyPr1fZDWTl4JbVM_k3f5p3U5iA5stooXQ1RnMDOTOKy6qy_aem_YcL_LsFmnxDD1uXNpD9ynQ\" >\n\t\t\t\t\t\t\t12 99133-1430\t\t\t\t\t\t<\/a>\n\t\t\t\t\t<\/h3>\n\t\t\t\t\n\t\t\t\t\n\t\t\t<\/div>\n\t\t\t\n\t\t<\/div>\n\t\t\t\t\t\t<\/div>\n\t\t\t\t<\/div>\n\t\t\t\t\t<\/div>\n\t\t\t\t<\/div>\n\t\t\t\t<\/div>\n\t\t","protected":false},"excerpt":{"rendered":"<p>Contato Informa\u00e7\u00f5es de contato Cond. Aqu\u00e1rius III &#8211; R. Eng. Alexandre C\u00f3ppio Ramos, 105 &#8211; Jardim Aquarius, S\u00e3o Jos\u00e9 dos Campos &#8211; SP, 12246-091 12 99133-5694 12 99133-1430<\/p>\n","protected":false},"author":2,"featured_media":0,"parent":0,"menu_order":0,"comment_status":"closed","ping_status":"closed","template":"elementor_header_footer","meta":{"footnotes":""},"class_list":["post-14","page","type-page","status-publish","hentry"],"_links":{"self":[{"href":"https:\/\/comunicabc.com.br\/lacava\/wp-json\/wp\/v2\/pages\/14","targetHints":{"allow":["GET"]}}],"collection":[{"href":"https:\/\/comunicabc.com.br\/lacava\/wp-json\/wp\/v2\/pages"}],"about":[{"href":"https:\/\/comunicabc.com.br\/lacava\/wp-json\/wp\/v2\/types\/page"}],"author":[{"embeddable":true,"href":"https:\/\/comunicabc.com.br\/lacava\/wp-json\/wp\/v2\/users\/2"}],"replies":[{"embeddable":true,"href":"https:\/\/comunicabc.com.br\/lacava\/wp-json\/wp\/v2\/comments?post=14"}],"version-history":[{"count":31,"href":"https:\/\/comunicabc.com.br\/lacava\/wp-json\/wp\/v2\/pages\/14\/revisions"}],"predecessor-version":[{"id":721,"href":"https:\/\/comunicabc.com.br\/lacava\/wp-json\/wp\/v2\/pages\/14\/revisions\/721"}],"wp:attachment":[{"href":"https:\/\/comunicabc.com.br\/lacava\/wp-json\/wp\/v2\/media?parent=14"}],"curies":[{"name":"wp","href":"https:\/\/api.w.org\/{rel}","templated":true}]}}