{"id":24,"date":"2025-09-04T14:58:02","date_gmt":"2025-09-04T14:58:02","guid":{"rendered":"https:\/\/comunicabc.com.br\/lacava\/?page_id=24"},"modified":"2026-01-08T13:03:44","modified_gmt":"2026-01-08T13:03:44","slug":"conheca-a-la-cava","status":"publish","type":"page","link":"https:\/\/comunicabc.com.br\/lacava\/conheca-a-la-cava\/","title":{"rendered":"Conhe\u00e7a a La-Cava"},"content":{"rendered":"\t\t<div data-elementor-type=\"wp-page\" data-elementor-id=\"24\" class=\"elementor elementor-24\" data-elementor-post-type=\"page\">\n\t\t\t\t<div class=\"elementor-element elementor-element-b60b859 e-flex e-con-boxed e-con e-parent\" data-id=\"b60b859\" data-element_type=\"container\" data-e-type=\"container\" data-settings=\"{&quot;background_background&quot;:&quot;classic&quot;}\">\n\t\t\t\t\t<div class=\"e-con-inner\">\n\t\t<div class=\"elementor-element elementor-element-aabd924 e-con-full e-flex e-con e-child\" data-id=\"aabd924\" data-element_type=\"container\" data-e-type=\"container\">\n\t\t\t\t<div class=\"elementor-element elementor-element-7f5b0fa elementor-widget__width-initial elementor-widget-mobile__width-inherit elementor-widget elementor-widget-heading\" data-id=\"7f5b0fa\" data-element_type=\"widget\" data-e-type=\"widget\" data-widget_type=\"heading.default\">\n\t\t\t\t\t<h2 class=\"elementor-heading-title elementor-size-default\">Sobre a LA-CAVA<\/h2>\t\t\t\t<\/div>\n\t\t\t\t<div class=\"elementor-element elementor-element-86122df elementor-widget elementor-widget-text-editor\" data-id=\"86122df\" data-element_type=\"widget\" data-e-type=\"widget\" data-widget_type=\"text-editor.default\">\n\t\t\t\t\t\t\t\t\t<p>Pioneira em tecnologia para atendimento, a LA-CAVA alia expertise, criatividade e precis\u00e3o em cada detalhe. Com sistema 100% informatizado, oferecemos uma experi\u00eancia completa e personalizada desde o planejamento at\u00e9 a execu\u00e7\u00e3o do evento.<\/p>\t\t\t\t\t\t\t\t<\/div>\n\t\t\t\t<\/div>\n\t\t\t\t\t<\/div>\n\t\t\t\t<\/div>\n\t\t<div class=\"elementor-element elementor-element-0a13061 e-flex e-con-boxed e-con e-parent\" data-id=\"0a13061\" data-element_type=\"container\" data-e-type=\"container\">\n\t\t\t\t\t<div class=\"e-con-inner\">\n\t\t\t\t<div class=\"elementor-element elementor-element-3facad5 elementor-widget__width-initial elementor-widget-mobile__width-inherit elementor-invisible elementor-widget elementor-widget-image\" data-id=\"3facad5\" data-element_type=\"widget\" data-e-type=\"widget\" data-settings=\"{&quot;_animation&quot;:&quot;zoomIn&quot;}\" data-widget_type=\"image.default\">\n\t\t\t\t\t\t\t\t\t\t\t\t\t\t\t<img fetchpriority=\"high\" decoding=\"async\" width=\"712\" height=\"698\" src=\"https:\/\/comunicabc.com.br\/lacava\/wp-content\/uploads\/2025\/09\/Equipe-La-Cava.png\" class=\"attachment-large size-large wp-image-230\" alt=\"\" srcset=\"https:\/\/comunicabc.com.br\/lacava\/wp-content\/uploads\/2025\/09\/Equipe-La-Cava.png 712w, https:\/\/comunicabc.com.br\/lacava\/wp-content\/uploads\/2025\/09\/Equipe-La-Cava-300x294.png 300w\" sizes=\"(max-width: 712px) 100vw, 712px\" \/>\t\t\t\t\t\t\t\t\t\t\t\t\t\t\t<\/div>\n\t\t<div class=\"elementor-element elementor-element-438700e e-con-full e-flex e-con e-child\" data-id=\"438700e\" data-element_type=\"container\" data-e-type=\"container\">\n\t\t\t\t<div class=\"elementor-element elementor-element-087240e animated-slow elementor-invisible elementor-widget elementor-widget-heading\" data-id=\"087240e\" data-element_type=\"widget\" data-e-type=\"widget\" data-settings=\"{&quot;_animation&quot;:&quot;fadeIn&quot;}\" data-widget_type=\"heading.default\">\n\t\t\t\t\t<h2 class=\"elementor-heading-title elementor-size-default\">SOBRE N\u00d3S<\/h2>\t\t\t\t<\/div>\n\t\t\t\t<div class=\"elementor-element elementor-element-2576b0d elementor-widget__width-initial animated-slow elementor-invisible elementor-widget elementor-widget-heading\" data-id=\"2576b0d\" data-element_type=\"widget\" data-e-type=\"widget\" data-settings=\"{&quot;_animation&quot;:&quot;fadeInUp&quot;}\" data-widget_type=\"heading.default\">\n\t\t\t\t\t<h2 class=\"elementor-heading-title elementor-size-default\">A La-Cava vai muito al\u00e9m do seu evento<\/h2>\t\t\t\t<\/div>\n\t\t\t\t<div class=\"elementor-element elementor-element-96d5d97 elementor-widget-tablet__width-initial animated-slow elementor-invisible elementor-widget elementor-widget-text-editor\" data-id=\"96d5d97\" data-element_type=\"widget\" data-e-type=\"widget\" data-settings=\"{&quot;_animation&quot;:&quot;fadeIn&quot;}\" data-widget_type=\"text-editor.default\">\n\t\t\t\t\t\t\t\t\t<p>Conduzimos sonhos \u00e0 realidade, com maestria em processos, <br \/>tecnologia e inova\u00e7\u00e3o.<\/p><p>Somos grife de tend\u00eancias e sofistica\u00e7\u00e3o na hora de concretizar sua vis\u00e3o.<\/p><p>Chancelamos e guiamos voc\u00ea \u00e0 excel\u00eancia, com um atendimento completo, que traz tranquilidade e confian\u00e7a desde o in\u00edcio do processo at\u00e9 a entrega.<\/p>\t\t\t\t\t\t\t\t<\/div>\n\t\t\t\t<\/div>\n\t\t\t\t\t<\/div>\n\t\t\t\t<\/div>\n\t\t<div class=\"elementor-element elementor-element-99108fb e-flex e-con-boxed e-con e-parent\" data-id=\"99108fb\" data-element_type=\"container\" data-e-type=\"container\">\n\t\t\t\t\t<div class=\"e-con-inner\">\n\t\t<div class=\"elementor-element elementor-element-907a340 e-con-full e-flex e-con e-child\" data-id=\"907a340\" data-element_type=\"container\" data-e-type=\"container\">\n\t\t\t\t<div class=\"elementor-element elementor-element-af20846 animated-slow elementor-invisible elementor-widget elementor-widget-heading\" data-id=\"af20846\" data-element_type=\"widget\" data-e-type=\"widget\" data-settings=\"{&quot;_animation&quot;:&quot;fadeIn&quot;}\" data-widget_type=\"heading.default\">\n\t\t\t\t\t<h2 class=\"elementor-heading-title elementor-size-default\">VALORES<\/h2>\t\t\t\t<\/div>\n\t\t\t\t<div class=\"elementor-element elementor-element-71444a9 elementor-widget__width-initial animated-slow elementor-invisible elementor-widget elementor-widget-heading\" data-id=\"71444a9\" data-element_type=\"widget\" data-e-type=\"widget\" data-settings=\"{&quot;_animation&quot;:&quot;fadeInUp&quot;}\" data-widget_type=\"heading.default\">\n\t\t\t\t\t<h2 class=\"elementor-heading-title elementor-size-default\">Nossa proposta de valor<\/h2>\t\t\t\t<\/div>\n\t\t\t\t<div class=\"elementor-element elementor-element-f5e9225 elementor-widget-tablet__width-initial animated-slow elementor-widget__width-initial elementor-invisible elementor-widget elementor-widget-text-editor\" data-id=\"f5e9225\" data-element_type=\"widget\" data-e-type=\"widget\" data-settings=\"{&quot;_animation&quot;:&quot;fadeIn&quot;}\" data-widget_type=\"text-editor.default\">\n\t\t\t\t\t\t\t\t\t<p>Expertise e know-how em planejar, produzir e realizar as etapas do processo de um evento, todas a\u00e7\u00f5es pautadas pelo M\u00e9todo La-Cava Bil\u00edngue.<\/p><p>Ao contar cada hist\u00f3ria que se inicia no escrit\u00f3rio La-Cava, se renova a paix\u00e3o por conduzir cada sonho e eternizar momentos pensando sempre em cada detalhe.<\/p>\t\t\t\t\t\t\t\t<\/div>\n\t\t\t\t<\/div>\n\t\t\t\t<div class=\"elementor-element elementor-element-0edfa4f elementor-invisible elementor-widget elementor-widget-image\" data-id=\"0edfa4f\" data-element_type=\"widget\" data-e-type=\"widget\" data-settings=\"{&quot;_animation&quot;:&quot;zoomIn&quot;}\" data-widget_type=\"image.default\">\n\t\t\t\t\t\t\t\t\t\t\t\t\t\t\t<img decoding=\"async\" width=\"739\" height=\"599\" src=\"https:\/\/comunicabc.com.br\/lacava\/wp-content\/uploads\/2025\/12\/Foto-13-08-2022-16-43-41-2.png\" class=\"attachment-full size-full wp-image-689\" alt=\"\" srcset=\"https:\/\/comunicabc.com.br\/lacava\/wp-content\/uploads\/2025\/12\/Foto-13-08-2022-16-43-41-2.png 739w, https:\/\/comunicabc.com.br\/lacava\/wp-content\/uploads\/2025\/12\/Foto-13-08-2022-16-43-41-2-300x243.png 300w\" sizes=\"(max-width: 739px) 100vw, 739px\" \/>\t\t\t\t\t\t\t\t\t\t\t\t\t\t\t<\/div>\n\t\t\t\t\t<\/div>\n\t\t\t\t<\/div>\n\t\t<div class=\"elementor-element elementor-element-28a399e e-flex e-con-boxed e-con e-parent\" data-id=\"28a399e\" data-element_type=\"container\" data-e-type=\"container\">\n\t\t\t\t\t<div class=\"e-con-inner\">\n\t\t\t\t<div class=\"elementor-element elementor-element-d67a65b animated-slow elementor-invisible elementor-widget elementor-widget-heading\" data-id=\"d67a65b\" data-element_type=\"widget\" data-e-type=\"widget\" data-settings=\"{&quot;_animation&quot;:&quot;fadeIn&quot;}\" data-widget_type=\"heading.default\">\n\t\t\t\t\t<h2 class=\"elementor-heading-title elementor-size-default\">determina\u00e7\u00e3o e dedica\u00e7\u00e3o<\/h2>\t\t\t\t<\/div>\n\t\t\t\t<div class=\"elementor-element elementor-element-a70adcb elementor-widget__width-initial animated-slow elementor-invisible elementor-widget elementor-widget-heading\" data-id=\"a70adcb\" data-element_type=\"widget\" data-e-type=\"widget\" data-settings=\"{&quot;_animation&quot;:&quot;fadeInUp&quot;}\" data-widget_type=\"heading.default\">\n\t\t\t\t\t<h2 class=\"elementor-heading-title elementor-size-default\">Know-how &amp; Experi\u00eancia<\/h2>\t\t\t\t<\/div>\n\t\t\t\t<div class=\"elementor-element elementor-element-5a6c83f elementor-widget-tablet__width-initial elementor-widget__width-initial animated-slow elementor-invisible elementor-widget elementor-widget-text-editor\" data-id=\"5a6c83f\" data-element_type=\"widget\" data-e-type=\"widget\" data-settings=\"{&quot;_animation&quot;:&quot;fadeIn&quot;}\" data-widget_type=\"text-editor.default\">\n\t\t\t\t\t\t\t\t\t<p>Por tr\u00e1s de cada evento excepcional da La-Cava est\u00e3o as mentes criativas e os cora\u00e7\u00f5es apaixonados de nossas fundadoras, Cibele LA-CAVA e Lourdes Reis. Com uma vis\u00e3o clara e um amor pelo detalhe, elas lideram nossa equipe com determina\u00e7\u00e3o e dedica\u00e7\u00e3o, garantindo que cada evento seja verdadeiramente \u00fanico.<\/p>\t\t\t\t\t\t\t\t<\/div>\n\t\t<div class=\"elementor-element elementor-element-f27d890 e-con-full e-flex e-con e-child\" data-id=\"f27d890\" data-element_type=\"container\" data-e-type=\"container\">\n\t\t\t\t<div class=\"elementor-element elementor-element-9e12159 elementor-widget__width-inherit elementor-widget-mobile__width-inherit animated-slow elementor-invisible elementor-widget elementor-widget-image\" data-id=\"9e12159\" data-element_type=\"widget\" data-e-type=\"widget\" data-settings=\"{&quot;_animation&quot;:&quot;zoomIn&quot;}\" data-widget_type=\"image.default\">\n\t\t\t\t\t\t\t\t\t\t\t\t\t\t\t<img decoding=\"async\" width=\"515\" height=\"513\" src=\"https:\/\/comunicabc.com.br\/lacava\/wp-content\/uploads\/2025\/09\/Cibele.png\" class=\"attachment-full size-full wp-image-247\" alt=\"\" srcset=\"https:\/\/comunicabc.com.br\/lacava\/wp-content\/uploads\/2025\/09\/Cibele.png 515w, https:\/\/comunicabc.com.br\/lacava\/wp-content\/uploads\/2025\/09\/Cibele-300x300.png 300w, https:\/\/comunicabc.com.br\/lacava\/wp-content\/uploads\/2025\/09\/Cibele-150x150.png 150w\" sizes=\"(max-width: 515px) 100vw, 515px\" \/>\t\t\t\t\t\t\t\t\t\t\t\t\t\t\t<\/div>\n\t\t\t\t<div class=\"elementor-element elementor-element-db3a9a7 animated-slow elementor-invisible elementor-widget elementor-widget-heading\" data-id=\"db3a9a7\" data-element_type=\"widget\" data-e-type=\"widget\" data-settings=\"{&quot;_animation&quot;:&quot;fadeInUp&quot;}\" data-widget_type=\"heading.default\">\n\t\t\t\t\t<h2 class=\"elementor-heading-title elementor-size-default\">Cibele LA-CAVA<\/h2>\t\t\t\t<\/div>\n\t\t\t\t<div class=\"elementor-element elementor-element-33bb692 elementor-widget-tablet__width-initial animated-slow elementor-invisible elementor-widget elementor-widget-text-editor\" data-id=\"33bb692\" data-element_type=\"widget\" data-e-type=\"widget\" data-settings=\"{&quot;_animation&quot;:&quot;fadeIn&quot;}\" data-widget_type=\"text-editor.default\">\n\t\t\t\t\t\t\t\t\t<p>Organizadora de eventos e pioneira no atendimento de clientes com sistema operacional 100% informatizado. Acredita que cada parceiro e cliente s\u00e3o \u00fanicos. Traz consigo a expertise das principais fazendas e destinos para casamentos, festas de anivers\u00e1rio e eventos corporativos.<\/p>\t\t\t\t\t\t\t\t<\/div>\n\t\t\t\t<\/div>\n\t\t<div class=\"elementor-element elementor-element-c48cf4f e-con-full e-flex e-con e-child\" data-id=\"c48cf4f\" data-element_type=\"container\" data-e-type=\"container\">\n\t\t\t\t<div class=\"elementor-element elementor-element-cc9b742 elementor-widget__width-inherit elementor-widget-mobile__width-inherit animated-slow elementor-invisible elementor-widget elementor-widget-image\" data-id=\"cc9b742\" data-element_type=\"widget\" data-e-type=\"widget\" data-settings=\"{&quot;_animation&quot;:&quot;zoomIn&quot;}\" data-widget_type=\"image.default\">\n\t\t\t\t\t\t\t\t\t\t\t\t\t\t\t<img loading=\"lazy\" decoding=\"async\" width=\"482\" height=\"513\" src=\"https:\/\/comunicabc.com.br\/lacava\/wp-content\/uploads\/2025\/09\/Lourdes.png\" class=\"attachment-full size-full wp-image-248\" alt=\"\" srcset=\"https:\/\/comunicabc.com.br\/lacava\/wp-content\/uploads\/2025\/09\/Lourdes.png 482w, https:\/\/comunicabc.com.br\/lacava\/wp-content\/uploads\/2025\/09\/Lourdes-282x300.png 282w\" sizes=\"(max-width: 482px) 100vw, 482px\" \/>\t\t\t\t\t\t\t\t\t\t\t\t\t\t\t<\/div>\n\t\t\t\t<div class=\"elementor-element elementor-element-6f8c480 animated-slow elementor-invisible elementor-widget elementor-widget-heading\" data-id=\"6f8c480\" data-element_type=\"widget\" data-e-type=\"widget\" data-settings=\"{&quot;_animation&quot;:&quot;fadeInUp&quot;}\" data-widget_type=\"heading.default\">\n\t\t\t\t\t<h2 class=\"elementor-heading-title elementor-size-default\">Lourdes Reis<\/h2>\t\t\t\t<\/div>\n\t\t\t\t<div class=\"elementor-element elementor-element-c063eff elementor-widget-tablet__width-initial animated-slow elementor-invisible elementor-widget elementor-widget-text-editor\" data-id=\"c063eff\" data-element_type=\"widget\" data-e-type=\"widget\" data-settings=\"{&quot;_animation&quot;:&quot;fadeIn&quot;}\" data-widget_type=\"text-editor.default\">\n\t\t\t\t\t\t\t\t\t<p>Organizadora e co-respons\u00e1vel pelos processos dos eventos realizados. Atenta aos detalhes, zela com afeto e prote\u00e7\u00e3o a rela\u00e7\u00e3o entre clientes e parceiros.<\/p>\t\t\t\t\t\t\t\t<\/div>\n\t\t\t\t<\/div>\n\t\t\t\t\t<\/div>\n\t\t\t\t<\/div>\n\t\t<div class=\"elementor-element elementor-element-95fcebd e-flex e-con-boxed e-con e-parent\" data-id=\"95fcebd\" data-element_type=\"container\" data-e-type=\"container\">\n\t\t\t\t\t<div class=\"e-con-inner\">\n\t\t\t\t<div class=\"elementor-element elementor-element-876e6c9 elementor-widget__width-inherit elementor-widget-mobile__width-inherit animated-slow elementor-invisible elementor-widget elementor-widget-image\" data-id=\"876e6c9\" data-element_type=\"widget\" data-e-type=\"widget\" data-settings=\"{&quot;_animation&quot;:&quot;zoomIn&quot;}\" data-widget_type=\"image.default\">\n\t\t\t\t\t\t\t\t\t\t\t\t\t\t\t<img loading=\"lazy\" decoding=\"async\" width=\"712\" height=\"347\" src=\"https:\/\/comunicabc.com.br\/lacava\/wp-content\/uploads\/2025\/09\/Escritorio-La-Cava.png\" class=\"attachment-large size-large wp-image-291\" alt=\"\" srcset=\"https:\/\/comunicabc.com.br\/lacava\/wp-content\/uploads\/2025\/09\/Escritorio-La-Cava.png 712w, https:\/\/comunicabc.com.br\/lacava\/wp-content\/uploads\/2025\/09\/Escritorio-La-Cava-300x146.png 300w\" sizes=\"(max-width: 712px) 100vw, 712px\" \/>\t\t\t\t\t\t\t\t\t\t\t\t\t\t\t<\/div>\n\t\t<div class=\"elementor-element elementor-element-c6e4c12 e-con-full e-flex e-con e-child\" data-id=\"c6e4c12\" data-element_type=\"container\" data-e-type=\"container\">\n\t\t\t\t<div class=\"elementor-element elementor-element-6b0b4e7 elementor-widget-mobile__width-inherit animated-slow elementor-invisible elementor-widget elementor-widget-heading\" data-id=\"6b0b4e7\" data-element_type=\"widget\" data-e-type=\"widget\" data-settings=\"{&quot;_animation&quot;:&quot;fadeIn&quot;}\" data-widget_type=\"heading.default\">\n\t\t\t\t\t<h2 class=\"elementor-heading-title elementor-size-default\">LOCALIZA\u00c7\u00c3O<\/h2>\t\t\t\t<\/div>\n\t\t\t\t<div class=\"elementor-element elementor-element-22d5491 elementor-widget__width-initial elementor-widget-mobile__width-inherit animated-slow elementor-invisible elementor-widget elementor-widget-heading\" data-id=\"22d5491\" data-element_type=\"widget\" data-e-type=\"widget\" data-settings=\"{&quot;_animation&quot;:&quot;fadeInUp&quot;}\" data-widget_type=\"heading.default\">\n\t\t\t\t\t<h2 class=\"elementor-heading-title elementor-size-default\">Local f\u00edsico<\/h2>\t\t\t\t<\/div>\n\t\t\t\t<div class=\"elementor-element elementor-element-ed32b54 elementor-widget-tablet__width-initial animated-slow elementor-invisible elementor-widget elementor-widget-text-editor\" data-id=\"ed32b54\" data-element_type=\"widget\" data-e-type=\"widget\" data-settings=\"{&quot;_animation&quot;:&quot;fadeIn&quot;}\" data-widget_type=\"text-editor.default\">\n\t\t\t\t\t\t\t\t\t<p>Cond. Aqu\u00e1rius III &#8211; R. Eng. Alexandre C\u00f3ppio Ramos, 105 &#8211; Jardim Aquarius, S\u00e3o Jos\u00e9 dos Campos &#8211; SP, 12246-091<\/p>\t\t\t\t\t\t\t\t<\/div>\n\t\t\t\t<\/div>\n\t\t\t\t\t<\/div>\n\t\t\t\t<\/div>\n\t\t\t\t<\/div>\n\t\t","protected":false},"excerpt":{"rendered":"<p>Sobre a LA-CAVA Pioneira em tecnologia para atendimento, a LA-CAVA alia expertise, criatividade e precis\u00e3o em cada detalhe. Com sistema 100% informatizado, oferecemos uma experi\u00eancia completa e personalizada desde o planejamento at\u00e9 a execu\u00e7\u00e3o do evento. SOBRE N\u00d3S A La-Cava vai muito al\u00e9m do seu evento Conduzimos sonhos \u00e0 realidade, com maestria em processos, tecnologia [&hellip;]<\/p>\n","protected":false},"author":2,"featured_media":0,"parent":0,"menu_order":0,"comment_status":"closed","ping_status":"closed","template":"","meta":{"footnotes":""},"class_list":["post-24","page","type-page","status-publish","hentry"],"_links":{"self":[{"href":"https:\/\/comunicabc.com.br\/lacava\/wp-json\/wp\/v2\/pages\/24","targetHints":{"allow":["GET"]}}],"collection":[{"href":"https:\/\/comunicabc.com.br\/lacava\/wp-json\/wp\/v2\/pages"}],"about":[{"href":"https:\/\/comunicabc.com.br\/lacava\/wp-json\/wp\/v2\/types\/page"}],"author":[{"embeddable":true,"href":"https:\/\/comunicabc.com.br\/lacava\/wp-json\/wp\/v2\/users\/2"}],"replies":[{"embeddable":true,"href":"https:\/\/comunicabc.com.br\/lacava\/wp-json\/wp\/v2\/comments?post=24"}],"version-history":[{"count":79,"href":"https:\/\/comunicabc.com.br\/lacava\/wp-json\/wp\/v2\/pages\/24\/revisions"}],"predecessor-version":[{"id":775,"href":"https:\/\/comunicabc.com.br\/lacava\/wp-json\/wp\/v2\/pages\/24\/revisions\/775"}],"wp:attachment":[{"href":"https:\/\/comunicabc.com.br\/lacava\/wp-json\/wp\/v2\/media?parent=24"}],"curies":[{"name":"wp","href":"https:\/\/api.w.org\/{rel}","templated":true}]}}